{"id":484,"date":"2024-03-14T07:47:44","date_gmt":"2024-03-14T10:47:44","guid":{"rendered":"https:\/\/infochenco.com.ar\/ppal\/?page_id=484"},"modified":"2024-04-26T21:18:54","modified_gmt":"2024-04-27T00:18:54","slug":"ayuda","status":"publish","type":"page","link":"https:\/\/infochenco.com.ar\/ppal\/ayuda\/","title":{"rendered":"Ayuda"},"content":{"rendered":"\n<div style=\"height:35px\" aria-hidden=\"true\" class=\"wp-block-spacer\"><\/div>\n\n\n\n<h2 class=\"wp-block-heading has-text-align-center has-ast-global-color-1-color has-text-color has-link-color wp-elements-e876d13141def896c79c782522057cc3\">\u00bfC\u00f3mo funciona el sitio?<\/h2>\n\n\n\n<h3 class=\"wp-block-heading\">Recorrido por el sitio infochenco:<\/h3>\n\n\n\n<figure class=\"wp-block-video\" style=\"padding-right:var(--wp--preset--spacing--80);padding-left:var(--wp--preset--spacing--80)\"><video controls poster=\"https:\/\/infochenco.com.ar\/ppal\/wp-content\/uploads\/2024\/04\/recorrido.jpg\" src=\"https:\/\/infochenco.com.ar\/ppal\/wp-content\/uploads\/2024\/04\/recorrido.mp4\"><\/video><\/figure>\n\n\n\n<h3 class=\"wp-block-heading\">Para adquirir cursos:<\/h3>\n\n\n\n<p class=\"has-medium-font-size\" style=\"padding-top:0;padding-right:var(--wp--preset--spacing--70);padding-bottom:0;padding-left:var(--wp--preset--spacing--70)\"><strong>Sin Registrarte:<\/strong> Podes pedirlo por la <a href=\"https:\/\/infochenco.com.ar\/ppal\/cart\/\">lista de pedidos<\/a> o por <a href=\"https:\/\/infochenco.com.ar\/ppal\/loscursos\/\">Cursos<\/a>, dentro de los men\u00fas del infochenco, y pagarlos de manera directa por los medios habilitados, una vez abonado el curso, se te enviar\u00e1 un correo electr\u00f3nico a la cuenta declarada en el pedido, con los datos de ingreso al <a href=\"https:\/\/infochenco.com.ar\/cursos\/\">campus <\/a>donde acceder\u00e1s al curso.<\/p>\n\n\n\n<figure class=\"wp-block-video\" style=\"padding-right:var(--wp--preset--spacing--80);padding-left:var(--wp--preset--spacing--80)\"><video controls poster=\"https:\/\/infochenco.com.ar\/ppal\/wp-content\/uploads\/2024\/04\/sin_registro.jpg\" src=\"https:\/\/infochenco.com.ar\/ppal\/wp-content\/uploads\/2024\/04\/sin_registro.mp4\"><\/video><\/figure>\n\n\n\n<p class=\"has-medium-font-size\" style=\"margin-top:0;margin-right:0;margin-bottom:0;margin-left:0;padding-top:0;padding-right:var(--wp--preset--spacing--70);padding-bottom:0;padding-left:var(--wp--preset--spacing--70)\"><strong>Con Registro en inforchenco:<\/strong> por este m\u00e9todo quedar\u00e1s registrado\/a en la plataforma de cursos, de esta manera tendr\u00e1s acceso a muchas funcionalidades, como ser: como est\u00e1n tus tramites, acceder a futuras promociones de infochenco, entre otros beneficios. Para esto, deber\u00e1s ingresar tus datos de <a href=\"https:\/\/infochenco.com.ar\/ppal\/registro\/\">registro<\/a>, se te enviar\u00e1 un correo de activaci\u00f3n y ya podr\u00e1s ingresar!! as\u00ed de simple. Luego para adquirir un curso, podes pedirlo por la <a href=\"https:\/\/infochenco.com.ar\/ppal\/cart\/\">lista de pedidos<\/a> o por <a href=\"https:\/\/infochenco.com.ar\/ppal\/loscursos\/\">Cursos<\/a>, dentro de los men\u00fas del infochenco, y pagarlos por los medios habilitados, una vez abonado el curso, se te enviar\u00e1 un correo electr\u00f3nico a la cuenta declarada en el pedido, con los datos de ingreso al <a href=\"https:\/\/infochenco.com.ar\/cursos\/\">campus <\/a>donde acceder\u00e1s al curso. Este correo con los datos de acceso solo se enviar\u00e1n en el primer curso que hagas, en los pr\u00f3ximos no har\u00e1 falta que cambies tus datos. <\/p>\n\n\n\n<p><\/p>\n\n\n\n<figure class=\"wp-block-video\" style=\"padding-right:var(--wp--preset--spacing--80);padding-left:var(--wp--preset--spacing--80)\"><video controls poster=\"https:\/\/infochenco.com.ar\/ppal\/wp-content\/uploads\/2024\/04\/con_registro.jpg\" src=\"https:\/\/infochenco.com.ar\/ppal\/wp-content\/uploads\/2024\/04\/con_registro.mp4\"><\/video><\/figure>\n\n\n\n<div style=\"height:57px\" aria-hidden=\"true\" class=\"wp-block-spacer\"><\/div>\n","protected":false},"excerpt":{"rendered":"<p>\u00bfC\u00f3mo funciona el sitio? Recorrido por el sitio infochenco: Para adquirir cursos: Sin Registrarte: Podes pedirlo por la lista de [&hellip;]<\/p>\n","protected":false},"author":1,"featured_media":0,"parent":0,"menu_order":0,"comment_status":"closed","ping_status":"closed","template":"","meta":{"site-sidebar-layout":"default","site-content-layout":"","ast-site-content-layout":"","site-content-style":"default","site-sidebar-style":"default","ast-global-header-display":"","ast-banner-title-visibility":"","ast-main-header-display":"","ast-hfb-above-header-display":"","ast-hfb-below-header-display":"","ast-hfb-mobile-header-display":"","site-post-title":"disabled","ast-breadcrumbs-content":"","ast-featured-img":"","footer-sml-layout":"","theme-transparent-header-meta":"","adv-header-id-meta":"","stick-header-meta":"","header-above-stick-meta":"","header-main-stick-meta":"","header-below-stick-meta":"","astra-migrate-meta-layouts":"default","ast-page-background-enabled":"default","ast-page-background-meta":{"desktop":{"background-color":"var(--ast-global-color-4)","background-image":"","background-repeat":"repeat","background-position":"center center","background-size":"auto","background-attachment":"scroll","background-type":"","background-media":"","overlay-type":"","overlay-color":"","overlay-gradient":""},"tablet":{"background-color":"","background-image":"","background-repeat":"repeat","background-position":"center center","background-size":"auto","background-attachment":"scroll","background-type":"","background-media":"","overlay-type":"","overlay-color":"","overlay-gradient":""},"mobile":{"background-color":"","background-image":"","background-repeat":"repeat","background-position":"center center","background-size":"auto","background-attachment":"scroll","background-type":"","background-media":"","overlay-type":"","overlay-color":"","overlay-gradient":""}},"ast-content-background-meta":{"desktop":{"background-color":"var(--ast-global-color-5)","background-image":"","background-repeat":"repeat","background-position":"center center","background-size":"auto","background-attachment":"scroll","background-type":"","background-media":"","overlay-type":"","overlay-color":"","overlay-gradient":""},"tablet":{"background-color":"var(--ast-global-color-5)","background-image":"","background-repeat":"repeat","background-position":"center center","background-size":"auto","background-attachment":"scroll","background-type":"","background-media":"","overlay-type":"","overlay-color":"","overlay-gradient":""},"mobile":{"background-color":"var(--ast-global-color-5)","background-image":"","background-repeat":"repeat","background-position":"center center","background-size":"auto","background-attachment":"scroll","background-type":"","background-media":"","overlay-type":"","overlay-color":"","overlay-gradient":""}},"footnotes":""},"class_list":["post-484","page","type-page","status-publish","hentry"],"_links":{"self":[{"href":"https:\/\/infochenco.com.ar\/ppal\/wp-json\/wp\/v2\/pages\/484","targetHints":{"allow":["GET"]}}],"collection":[{"href":"https:\/\/infochenco.com.ar\/ppal\/wp-json\/wp\/v2\/pages"}],"about":[{"href":"https:\/\/infochenco.com.ar\/ppal\/wp-json\/wp\/v2\/types\/page"}],"author":[{"embeddable":true,"href":"https:\/\/infochenco.com.ar\/ppal\/wp-json\/wp\/v2\/users\/1"}],"replies":[{"embeddable":true,"href":"https:\/\/infochenco.com.ar\/ppal\/wp-json\/wp\/v2\/comments?post=484"}],"version-history":[{"count":35,"href":"https:\/\/infochenco.com.ar\/ppal\/wp-json\/wp\/v2\/pages\/484\/revisions"}],"predecessor-version":[{"id":696,"href":"https:\/\/infochenco.com.ar\/ppal\/wp-json\/wp\/v2\/pages\/484\/revisions\/696"}],"wp:attachment":[{"href":"https:\/\/infochenco.com.ar\/ppal\/wp-json\/wp\/v2\/media?parent=484"}],"curies":[{"name":"wp","href":"https:\/\/api.w.org\/{rel}","templated":true}]}}